{"id":998,"date":"2025-03-10T15:11:27","date_gmt":"2025-03-10T14:11:27","guid":{"rendered":"https:\/\/pastoral-juvenil.irsjg.org\/?page_id=998"},"modified":"2025-03-26T15:52:04","modified_gmt":"2025-03-26T14:52:04","slug":"politica-de-cookies","status":"publish","type":"page","link":"https:\/\/pastoral-juvenil.irsjg.org\/fr\/politica-de-cookies\/","title":{"rendered":"Politique en mati\u00e8re de cookies"},"content":{"rendered":"<p>\u00daltima modificaci\u00f3n: 26\/03\/2025<\/p>\n\n\n\n<p><\/p>\n\n\n\n<h2 class=\"wp-block-heading\">Mises \u00e0 jour et modifications de la politique de cookies<\/h2>\n\n\n\n<p>La r\u00e9glementation concernant les cookies a un cycle de changement diff\u00e9rent de celui de la gestion et de la maintenance du site Web. Des r\u00e9visions p\u00e9riodiques sont donc effectu\u00e9es pour adapter la politique des cookies \u00e0 la r\u00e9glementation en vigueur.<\/p>\n\n\n\n<p>Vous pouvez choisir la configuration&nbsp;<a href=\"https:\/\/www.irsjg.org\/es\/politica-cookies#\" target=\"_blank\" rel=\"noreferrer noopener\">en cliquant sur ce lien<\/a><\/p>\n\n\n\n<h2 class=\"wp-block-heading\">D\u00e9finition et fonction des cookies<\/h2>\n\n\n\n<p>De conformidad con lo establecido en la Ley 34\/2002 de Servicios de la Sociedad de la Informaci\u00f3n y Comercio Electr\u00f3nico, le informamos que este sitio web almacena informaci\u00f3n de las direcciones IP de los ordenadores y\/o dispositivos m\u00f3viles (tablets, smartphones, etc), y utiliza&nbsp;cookies&nbsp;con el objetivo de prestar un mejor servicio y ofrecerle una mejor experiencia en su navegaci\u00f3n. Las cookies nos ayudan a identificarle (si est\u00e1 registrado en nuestro sitio web), y\/o a recordar sus preferencias durante la navegaci\u00f3n (idioma, pa\u00eds&#8230;).<\/p>\n\n\n\n<p>Les cookies sont de petits fichiers texte qui contiennent des informations et sont g\u00e9n\u00e9r\u00e9s sur l\u2019ordinateur ou le terminal de l\u2019utilisateur lors de la navigation sur le site. En naviguant sur ce site, vous consentez \u00e0 recevoir ces cookies. Par leur interm\u00e9diaire, nous obtenons et conservons les informations uniquement dans les conditions d\u00e9crites dans la pr\u00e9sente politique de cookies.<\/p>\n\n\n\n<p>Les informations collect\u00e9es dans les cookies nous permettent \u00e9galement d\u2019am\u00e9liorer le site Web, en estimant les nombres et les mod\u00e8les d\u2019utilisation, en l\u2019adaptant aux int\u00e9r\u00eats individuels des utilisateurs, en acc\u00e9l\u00e9rant les recherches\u2026<\/p>\n\n\n\n<p>Bien que le terme g\u00e9n\u00e9ral \u00ab cookies \u00bb soit utilis\u00e9 dans la pr\u00e9sente Politique car il s\u2019agit de la principale m\u00e9thode de stockage d\u2019informations utilis\u00e9e par notre site Web, l\u2019espace \u00ab Stockage local \u00bb du navigateur est \u00e9galement utilis\u00e9 dans le m\u00eame but que les cookies. Par cons\u00e9quent, toutes les informations incluses dans cette section s\u2019appliquent \u00e9galement \u00e0 ce \u00ab stockage local \u00bb.<\/p>\n\n\n\n<h2 class=\"wp-block-heading\">Types de cookies que nous utilisons<\/h2>\n\n\n\n<h2 class=\"wp-block-heading\">Selon la p\u00e9riode de temps pendant laquelle ils restent actifs :<\/h2>\n\n\n\n<p>&#8211; <strong>Cookies de session :<\/strong>&nbsp;Il s\u2019agit d\u2019un type de cookies con\u00e7us pour collecter et stocker des donn\u00e9es pendant que vous acc\u00e9dez \u00e0 notre site Web et restent dans le fichier cookie de votre navigateur jusqu\u2019\u00e0 ce que vous quittiez la page. Un exemple serait les cookies d\u2019identification.<\/p>\n\n\n\n<p>&#8211; <strong>Cookies persistants :<\/strong>&nbsp;Il s\u2019agit d\u2019un type de cookies dans lesquels les donn\u00e9es sont toujours stock\u00e9es dans le terminal et peuvent \u00eatre consult\u00e9es et trait\u00e9es pendant un certain temps.<\/p>\n\n\n\n<h2 class=\"wp-block-heading\">Selon leur objet et l\u2019entit\u00e9 qui les g\u00e8re :<\/h2>\n\n\n\n<p>&#8211; <strong>Cookies tiers :<\/strong>&nbsp;ce sont ceux qui sont envoy\u00e9s \u00e0 votre ordinateur ou terminal \u00e0 partir d\u2019un domaine ou d\u2019une page Web que nous ne g\u00e9rons pas, mais une entit\u00e9 collaboratrice. Un exemple serait ceux utilis\u00e9s par Google, qui installent des cookies qui nous aident \u00e0 analyser les performances de notre site Web et \u00e0 am\u00e9liorer l\u2019efficacit\u00e9 de nos campagnes de marketing.<\/p>\n\n\n\n<p>&#8211; <strong>Cookies d\u2019analyse :<\/strong>&nbsp;Ce sont ceux qui, bien trait\u00e9s par nous ou par des tiers, nous permettent de quantifier le nombre d\u2019utilisateurs et d\u2019effectuer la mesure et l\u2019analyse statistique de l\u2019utilisation qu\u2019ils font de notre site Web. Pour cela, nous analysons la navigation sur notre page afin d\u2019am\u00e9liorer l\u2019offre de produits ou services que nous proposons.<\/p>\n\n\n\n<h2 class=\"wp-block-heading\">Comment configurer ou d\u00e9sactiver les cookies<\/h2>\n\n\n\n<p>Vous pouvez configurer votre navigateur pour qu\u2019il vous avertisse de la r\u00e9ception de cookies et refuse de les accepter en activant le param\u00e8tre qui vous permet de les refuser dans le navigateur. Cependant, nous vous avertissons que la d\u00e9sactivation des cookies peut entra\u00eener la limitation voire l\u2019impossibilit\u00e9 d\u2019acc\u00e9der \u00e0 certaines fonctionnalit\u00e9s de notre site internet. En outre, certains services peuvent cesser de fonctionner correctement.<\/p>\n\n\n\n<p>Pour plus de d\u00e9tails sur la configuration des cookies dans votre navigateur, consultez le menu \u00ab Aide \u00bb de celui-ci.<\/p>\n\n\n\n<p>Nous vous sugg\u00e9rons \u00e9galement de consulter le site Internet suivant :&nbsp;<a href=\"https:\/\/www.aboutcookies.org\/\" target=\"_blank\" rel=\"noreferrer noopener\">Aboutcookies<\/a>,&nbsp;donde encontrar\u00e1 explicaciones detalladas sobre c\u00f3mo eliminar las cookies de su ordenador y m\u00e1s informaci\u00f3n general sobre las mismas.<\/p>\n\n\n\n<h2 class=\"wp-block-heading\">Cookies tiers \/ entreprises collaboratrices<\/h2>\n\n\n\n<h2 class=\"wp-block-heading\">Google<\/h2>\n\n\n\n<p>Google propose un grand nombre de produits pour nous aider \u00e0 g\u00e9rer nos annonces et nos sites Web ; y compris Google Analytics. Lors de la visite de notre site Web, certains cookies peuvent \u00eatre envoy\u00e9s \u00e0 votre navigateur.<\/p>\n\n\n\n<p>Google Analytics est l\u2019outil d\u2019analyse qui aide notre site Web \u00e0 comprendre comment les utilisateurs interagissent avec ses propri\u00e9t\u00e9s. Vous pouvez utiliser un ensemble de cookies pour collecter des informations et g\u00e9n\u00e9rer des statistiques d\u2019utilisation du site Web sans identifier personnellement les visiteurs de Google. Voir plus d\u2019informations sur les cookies de Google Analytics&nbsp;<a href=\"https:\/\/developers.google.com\/analytics\/devguides\/collection\/analyticsjs\/cookie-usage\" target=\"_blank\" rel=\"noreferrer noopener\">m\u00e1s informaci\u00f3n sobre las cookies de Google Analytics<\/a>.<\/p>","protected":false},"excerpt":{"rendered":"<p>\u00daltima modificaci\u00f3n: 26\/03\/2025 Actualizaciones y cambios en la Pol\u00edtica de cookies La variaci\u00f3n de las cookies que aparece en esta web puede no estar relacionada con la gesti\u00f3n y el mantenimiento de la misma, por lo que se llevan a cabo revisiones peri\u00f3dicas para adecuar la pol\u00edtica de cookies a la normativa vigente. Puede elegir [&hellip;]<\/p>\n","protected":false},"author":1,"featured_media":0,"parent":0,"menu_order":0,"comment_status":"closed","ping_status":"closed","template":"","meta":{"_acf_changed":false,"_et_pb_use_builder":"","_et_pb_old_content":"","_et_gb_content_width":"","footnotes":""},"class_list":["post-998","page","type-page","status-publish","hentry"],"acf":[],"yoast_head":"<!-- This site is optimized with the Yoast SEO plugin v26.9 - https:\/\/yoast.com\/product\/yoast-seo-wordpress\/ -->\n<title>Pol\u00edtica de cookies - Pastoral Juvenil IRSJG<\/title>\n<meta name=\"robots\" content=\"index, follow, max-snippet:-1, max-image-preview:large, max-video-preview:-1\" \/>\n<link rel=\"canonical\" href=\"https:\/\/pastoral-juvenil.irsjg.org\/fr\/politica-de-cookies\/\" \/>\n<meta property=\"og:locale\" content=\"fr_FR\" \/>\n<meta property=\"og:type\" content=\"article\" \/>\n<meta property=\"og:title\" content=\"Pol\u00edtica de cookies - Pastoral Juvenil IRSJG\" \/>\n<meta property=\"og:description\" content=\"\u00daltima modificaci\u00f3n: 26\/03\/2025 Actualizaciones y cambios en la Pol\u00edtica de cookies La variaci\u00f3n de las cookies que aparece en esta web puede no estar relacionada con la gesti\u00f3n y el mantenimiento de la misma, por lo que se llevan a cabo revisiones peri\u00f3dicas para adecuar la pol\u00edtica de cookies a la normativa vigente. Puede elegir [&hellip;]\" \/>\n<meta property=\"og:url\" content=\"https:\/\/pastoral-juvenil.irsjg.org\/fr\/politica-de-cookies\/\" \/>\n<meta property=\"og:site_name\" content=\"Pastoral Juvenil IRSJG\" \/>\n<meta property=\"article:publisher\" content=\"https:\/\/www.facebook.com\/p\/Pastoral-Vocacional-Religiosas-de-San-Jos-de-Gerona-100070498778044\/\" \/>\n<meta property=\"article:modified_time\" content=\"2025-03-26T14:52:04+00:00\" \/>\n<meta name=\"twitter:card\" content=\"summary_large_image\" \/>\n<meta name=\"twitter:label1\" content=\"Est. reading time\" \/>\n\t<meta name=\"twitter:data1\" content=\"4 minutes\" \/>\n<script type=\"application\/ld+json\" class=\"yoast-schema-graph\">{\"@context\":\"https:\/\/schema.org\",\"@graph\":[{\"@type\":\"WebPage\",\"@id\":\"https:\/\/pastoral-juvenil.irsjg.org\/politica-de-cookies\/\",\"url\":\"https:\/\/pastoral-juvenil.irsjg.org\/politica-de-cookies\/\",\"name\":\"Pol\u00edtica de cookies - Pastoral Juvenil IRSJG\",\"isPartOf\":{\"@id\":\"https:\/\/pastoral-juvenil.irsjg.org\/#website\"},\"datePublished\":\"2025-03-10T14:11:27+00:00\",\"dateModified\":\"2025-03-26T14:52:04+00:00\",\"breadcrumb\":{\"@id\":\"https:\/\/pastoral-juvenil.irsjg.org\/politica-de-cookies\/#breadcrumb\"},\"inLanguage\":\"fr-FR\",\"potentialAction\":[{\"@type\":\"ReadAction\",\"target\":[\"https:\/\/pastoral-juvenil.irsjg.org\/politica-de-cookies\/\"]}]},{\"@type\":\"BreadcrumbList\",\"@id\":\"https:\/\/pastoral-juvenil.irsjg.org\/politica-de-cookies\/#breadcrumb\",\"itemListElement\":[{\"@type\":\"ListItem\",\"position\":1,\"name\":\"Home\",\"item\":\"https:\/\/pastoral-juvenil.irsjg.org\/\"},{\"@type\":\"ListItem\",\"position\":2,\"name\":\"Pol\u00edtica de cookies\"}]},{\"@type\":\"WebSite\",\"@id\":\"https:\/\/pastoral-juvenil.irsjg.org\/#website\",\"url\":\"https:\/\/pastoral-juvenil.irsjg.org\/\",\"name\":\"Pastoral Juvenil IRSJG\",\"description\":\"\",\"publisher\":{\"@id\":\"https:\/\/pastoral-juvenil.irsjg.org\/#organization\"},\"potentialAction\":[{\"@type\":\"SearchAction\",\"target\":{\"@type\":\"EntryPoint\",\"urlTemplate\":\"https:\/\/pastoral-juvenil.irsjg.org\/?s={search_term_string}\"},\"query-input\":{\"@type\":\"PropertyValueSpecification\",\"valueRequired\":true,\"valueName\":\"search_term_string\"}}],\"inLanguage\":\"fr-FR\"},{\"@type\":\"Organization\",\"@id\":\"https:\/\/pastoral-juvenil.irsjg.org\/#organization\",\"name\":\"Pastoral Juvenil IRSJG\",\"url\":\"https:\/\/pastoral-juvenil.irsjg.org\/\",\"logo\":{\"@type\":\"ImageObject\",\"inLanguage\":\"fr-FR\",\"@id\":\"https:\/\/pastoral-juvenil.irsjg.org\/#\/schema\/logo\/image\/\",\"url\":\"https:\/\/pastoral-juvenil.irsjg.org\/wp-content\/uploads\/2025\/02\/Logo.png\",\"contentUrl\":\"https:\/\/pastoral-juvenil.irsjg.org\/wp-content\/uploads\/2025\/02\/Logo.png\",\"width\":212,\"height\":56,\"caption\":\"Pastoral Juvenil IRSJG\"},\"image\":{\"@id\":\"https:\/\/pastoral-juvenil.irsjg.org\/#\/schema\/logo\/image\/\"},\"sameAs\":[\"https:\/\/www.facebook.com\/p\/Pastoral-Vocacional-Religiosas-de-San-Jos-de-Gerona-100070498778044\/\"]}]}<\/script>\n<!-- \/ Yoast SEO plugin. -->","yoast_head_json":{"title":"Pol\u00edtica de cookies - Pastoral Juvenil IRSJG","robots":{"index":"index","follow":"follow","max-snippet":"max-snippet:-1","max-image-preview":"max-image-preview:large","max-video-preview":"max-video-preview:-1"},"canonical":"https:\/\/pastoral-juvenil.irsjg.org\/fr\/politica-de-cookies\/","og_locale":"fr_FR","og_type":"article","og_title":"Pol\u00edtica de cookies - Pastoral Juvenil IRSJG","og_description":"\u00daltima modificaci\u00f3n: 26\/03\/2025 Actualizaciones y cambios en la Pol\u00edtica de cookies La variaci\u00f3n de las cookies que aparece en esta web puede no estar relacionada con la gesti\u00f3n y el mantenimiento de la misma, por lo que se llevan a cabo revisiones peri\u00f3dicas para adecuar la pol\u00edtica de cookies a la normativa vigente. Puede elegir [&hellip;]","og_url":"https:\/\/pastoral-juvenil.irsjg.org\/fr\/politica-de-cookies\/","og_site_name":"Pastoral Juvenil IRSJG","article_publisher":"https:\/\/www.facebook.com\/p\/Pastoral-Vocacional-Religiosas-de-San-Jos-de-Gerona-100070498778044\/","article_modified_time":"2025-03-26T14:52:04+00:00","twitter_card":"summary_large_image","twitter_misc":{"Est. reading time":"4 minutes"},"schema":{"@context":"https:\/\/schema.org","@graph":[{"@type":"WebPage","@id":"https:\/\/pastoral-juvenil.irsjg.org\/politica-de-cookies\/","url":"https:\/\/pastoral-juvenil.irsjg.org\/politica-de-cookies\/","name":"Pol\u00edtica de cookies - Pastoral Juvenil IRSJG","isPartOf":{"@id":"https:\/\/pastoral-juvenil.irsjg.org\/#website"},"datePublished":"2025-03-10T14:11:27+00:00","dateModified":"2025-03-26T14:52:04+00:00","breadcrumb":{"@id":"https:\/\/pastoral-juvenil.irsjg.org\/politica-de-cookies\/#breadcrumb"},"inLanguage":"fr-FR","potentialAction":[{"@type":"ReadAction","target":["https:\/\/pastoral-juvenil.irsjg.org\/politica-de-cookies\/"]}]},{"@type":"BreadcrumbList","@id":"https:\/\/pastoral-juvenil.irsjg.org\/politica-de-cookies\/#breadcrumb","itemListElement":[{"@type":"ListItem","position":1,"name":"Home","item":"https:\/\/pastoral-juvenil.irsjg.org\/"},{"@type":"ListItem","position":2,"name":"Pol\u00edtica de cookies"}]},{"@type":"WebSite","@id":"https:\/\/pastoral-juvenil.irsjg.org\/#website","url":"https:\/\/pastoral-juvenil.irsjg.org\/","name":"Pastorale des Jeunes IRSJG","description":"","publisher":{"@id":"https:\/\/pastoral-juvenil.irsjg.org\/#organization"},"potentialAction":[{"@type":"SearchAction","target":{"@type":"EntryPoint","urlTemplate":"https:\/\/pastoral-juvenil.irsjg.org\/?s={search_term_string}"},"query-input":{"@type":"PropertyValueSpecification","valueRequired":true,"valueName":"search_term_string"}}],"inLanguage":"fr-FR"},{"@type":"Organization","@id":"https:\/\/pastoral-juvenil.irsjg.org\/#organization","name":"Pastorale des Jeunes IRSJG","url":"https:\/\/pastoral-juvenil.irsjg.org\/","logo":{"@type":"ImageObject","inLanguage":"fr-FR","@id":"https:\/\/pastoral-juvenil.irsjg.org\/#\/schema\/logo\/image\/","url":"https:\/\/pastoral-juvenil.irsjg.org\/wp-content\/uploads\/2025\/02\/Logo.png","contentUrl":"https:\/\/pastoral-juvenil.irsjg.org\/wp-content\/uploads\/2025\/02\/Logo.png","width":212,"height":56,"caption":"Pastoral Juvenil IRSJG"},"image":{"@id":"https:\/\/pastoral-juvenil.irsjg.org\/#\/schema\/logo\/image\/"},"sameAs":["https:\/\/www.facebook.com\/p\/Pastoral-Vocacional-Religiosas-de-San-Jos-de-Gerona-100070498778044\/"]}]}},"_links":{"self":[{"href":"https:\/\/pastoral-juvenil.irsjg.org\/fr\/wp-json\/wp\/v2\/pages\/998","targetHints":{"allow":["GET"]}}],"collection":[{"href":"https:\/\/pastoral-juvenil.irsjg.org\/fr\/wp-json\/wp\/v2\/pages"}],"about":[{"href":"https:\/\/pastoral-juvenil.irsjg.org\/fr\/wp-json\/wp\/v2\/types\/page"}],"author":[{"embeddable":true,"href":"https:\/\/pastoral-juvenil.irsjg.org\/fr\/wp-json\/wp\/v2\/users\/1"}],"replies":[{"embeddable":true,"href":"https:\/\/pastoral-juvenil.irsjg.org\/fr\/wp-json\/wp\/v2\/comments?post=998"}],"version-history":[{"count":5,"href":"https:\/\/pastoral-juvenil.irsjg.org\/fr\/wp-json\/wp\/v2\/pages\/998\/revisions"}],"predecessor-version":[{"id":1538,"href":"https:\/\/pastoral-juvenil.irsjg.org\/fr\/wp-json\/wp\/v2\/pages\/998\/revisions\/1538"}],"wp:attachment":[{"href":"https:\/\/pastoral-juvenil.irsjg.org\/fr\/wp-json\/wp\/v2\/media?parent=998"}],"curies":[{"name":"wp","href":"https:\/\/api.w.org\/{rel}","templated":true}]}}