{"id":953,"date":"2025-03-10T10:03:58","date_gmt":"2025-03-10T09:03:58","guid":{"rendered":"https:\/\/pastoral-juvenil.irsjg.org\/?page_id=953"},"modified":"2025-07-15T18:18:46","modified_gmt":"2025-07-15T16:18:46","slug":"te-acompanamos","status":"publish","type":"page","link":"https:\/\/pastoral-juvenil.irsjg.org\/fr\/te-acompanamos\/","title":{"rendered":"Nous vous accompagnons"},"content":{"rendered":"<h2 class=\"wp-block-heading\">Le Seigneur t'a lib\u00e9r\u00e9 et veut que tu sois heureux<\/h2>\n\n\n\n<p>Beaucoup de gens pensent que la vocation est r\u00e9serv\u00e9e aux religieux et religieuses, mais nous avons tous une vocation : nous \u00e9panouir librement en tant que personne, \u00eatre heureux et donner un sens \u00e0 notre vie. <\/p>\n\n\n\n<p>Qui veut d\u00e9couvrir sa vocation peut venir avec nous, pour comprendre combien la vie est une vocation. Car nous sommes appelles \u00e0 vivre, d\u2019abord, comme personnes humaines, et nous allons t\u2019accompagner \u00e0 d\u00e9couvrir ton appel dans la vie sacerdotale, religieuse et mariage. <\/p>\n\n\n\n<p><strong>Si vous n'avez pas encore d\u00e9couvert votre vocation, nous voulons marcher avec vous,<\/strong>en vous accompagnant et en vous \u00e9coutant avec proximit\u00e9 et respect, en vous offrant des cl\u00e9s et du mat\u00e9riel pour vous aider \u00e0 d\u00e9couvrir \u00ab le r\u00eave de Dieu pour vous \u00bb.<br><a href=\"https:\/\/pastoral-juvenil.irsjg.org\/wp-content\/uploads\/2025\/07\/Kinya-pastoral-juvenil-triptico-2025.pdf\"><br><\/a><\/p>","protected":false},"excerpt":{"rendered":"<p>El Se\u00f1or te ha hecho libre y quiere que seas feliz Muchas personas piensan que la vocaci\u00f3n es solo para religiosos y religiosas, pero todos tenemos una vocaci\u00f3n: realizarnos libremente como personas, ser felices y dar sentido a nuestra vida. La vida entendida desde la vocaci\u00f3n tiene que ver con el servicio que brindas al [&hellip;]<\/p>\n","protected":false},"author":1,"featured_media":1429,"parent":0,"menu_order":0,"comment_status":"closed","ping_status":"closed","template":"","meta":{"_acf_changed":false,"_et_pb_use_builder":"","_et_pb_old_content":"","_et_gb_content_width":"","footnotes":""},"class_list":["post-953","page","type-page","status-publish","has-post-thumbnail","hentry"],"acf":[],"yoast_head":"<!-- This site is optimized with the Yoast SEO plugin v26.9 - https:\/\/yoast.com\/product\/yoast-seo-wordpress\/ -->\n<title>Te acompa\u00f1amos - Pastoral Juvenil IRSJG<\/title>\n<meta name=\"description\" content=\"Si a\u00fan no has descubierto tu vocaci\u00f3n, podemos acompa\u00f1arte, escuch\u00e1ndote con cercan\u00eda y respeto, para descubrir \u201cel sue\u00f1o de Dios para ti\u201d.\" \/>\n<meta name=\"robots\" content=\"index, follow, max-snippet:-1, max-image-preview:large, max-video-preview:-1\" \/>\n<link rel=\"canonical\" href=\"https:\/\/pastoral-juvenil.irsjg.org\/fr\/te-acompanamos\/\" \/>\n<meta property=\"og:locale\" content=\"fr_FR\" \/>\n<meta property=\"og:type\" content=\"article\" \/>\n<meta property=\"og:title\" content=\"Te acompa\u00f1amos - Pastoral Juvenil IRSJG\" \/>\n<meta property=\"og:description\" content=\"Si a\u00fan no has descubierto tu vocaci\u00f3n, podemos acompa\u00f1arte, escuch\u00e1ndote con cercan\u00eda y respeto, para descubrir \u201cel sue\u00f1o de Dios para ti\u201d.\" \/>\n<meta property=\"og:url\" content=\"https:\/\/pastoral-juvenil.irsjg.org\/fr\/te-acompanamos\/\" \/>\n<meta property=\"og:site_name\" content=\"Pastoral Juvenil IRSJG\" \/>\n<meta property=\"article:publisher\" content=\"https:\/\/www.facebook.com\/p\/Pastoral-Vocacional-Religiosas-de-San-Jos-de-Gerona-100070498778044\/\" \/>\n<meta property=\"article:modified_time\" content=\"2025-07-15T16:18:46+00:00\" \/>\n<meta property=\"og:image\" content=\"https:\/\/pastoral-juvenil.irsjg.org\/wp-content\/uploads\/2025\/03\/IRSJG-pastoral-juvenil-te-acompanamos-.jpg\" \/>\n\t<meta property=\"og:image:width\" content=\"508\" \/>\n\t<meta property=\"og:image:height\" content=\"560\" \/>\n\t<meta property=\"og:image:type\" content=\"image\/jpeg\" \/>\n<meta name=\"twitter:card\" content=\"summary_large_image\" \/>\n<meta name=\"twitter:label1\" content=\"Est. reading time\" \/>\n\t<meta name=\"twitter:data1\" content=\"1 minute\" \/>\n<script type=\"application\/ld+json\" class=\"yoast-schema-graph\">{\"@context\":\"https:\/\/schema.org\",\"@graph\":[{\"@type\":\"WebPage\",\"@id\":\"https:\/\/pastoral-juvenil.irsjg.org\/te-acompanamos\/\",\"url\":\"https:\/\/pastoral-juvenil.irsjg.org\/te-acompanamos\/\",\"name\":\"Te acompa\u00f1amos - Pastoral Juvenil IRSJG\",\"isPartOf\":{\"@id\":\"https:\/\/pastoral-juvenil.irsjg.org\/#website\"},\"primaryImageOfPage\":{\"@id\":\"https:\/\/pastoral-juvenil.irsjg.org\/te-acompanamos\/#primaryimage\"},\"image\":{\"@id\":\"https:\/\/pastoral-juvenil.irsjg.org\/te-acompanamos\/#primaryimage\"},\"thumbnailUrl\":\"https:\/\/pastoral-juvenil.irsjg.org\/wp-content\/uploads\/2025\/03\/IRSJG-pastoral-juvenil-te-acompanamos-.jpg\",\"datePublished\":\"2025-03-10T09:03:58+00:00\",\"dateModified\":\"2025-07-15T16:18:46+00:00\",\"description\":\"Si a\u00fan no has descubierto tu vocaci\u00f3n, podemos acompa\u00f1arte, escuch\u00e1ndote con cercan\u00eda y respeto, para descubrir \u201cel sue\u00f1o de Dios para ti\u201d.\",\"breadcrumb\":{\"@id\":\"https:\/\/pastoral-juvenil.irsjg.org\/te-acompanamos\/#breadcrumb\"},\"inLanguage\":\"fr-FR\",\"potentialAction\":[{\"@type\":\"ReadAction\",\"target\":[\"https:\/\/pastoral-juvenil.irsjg.org\/te-acompanamos\/\"]}]},{\"@type\":\"ImageObject\",\"inLanguage\":\"fr-FR\",\"@id\":\"https:\/\/pastoral-juvenil.irsjg.org\/te-acompanamos\/#primaryimage\",\"url\":\"https:\/\/pastoral-juvenil.irsjg.org\/wp-content\/uploads\/2025\/03\/IRSJG-pastoral-juvenil-te-acompanamos-.jpg\",\"contentUrl\":\"https:\/\/pastoral-juvenil.irsjg.org\/wp-content\/uploads\/2025\/03\/IRSJG-pastoral-juvenil-te-acompanamos-.jpg\",\"width\":508,\"height\":560,\"caption\":\"Pastoral Juvenil de las Religiosas de San Jos\u00e9 de Gerona en Tizim\u00edn, M\u00e9xico.\"},{\"@type\":\"BreadcrumbList\",\"@id\":\"https:\/\/pastoral-juvenil.irsjg.org\/te-acompanamos\/#breadcrumb\",\"itemListElement\":[{\"@type\":\"ListItem\",\"position\":1,\"name\":\"Home\",\"item\":\"https:\/\/pastoral-juvenil.irsjg.org\/\"},{\"@type\":\"ListItem\",\"position\":2,\"name\":\"Te acompa\u00f1amos\"}]},{\"@type\":\"WebSite\",\"@id\":\"https:\/\/pastoral-juvenil.irsjg.org\/#website\",\"url\":\"https:\/\/pastoral-juvenil.irsjg.org\/\",\"name\":\"Pastoral Juvenil IRSJG\",\"description\":\"\",\"publisher\":{\"@id\":\"https:\/\/pastoral-juvenil.irsjg.org\/#organization\"},\"potentialAction\":[{\"@type\":\"SearchAction\",\"target\":{\"@type\":\"EntryPoint\",\"urlTemplate\":\"https:\/\/pastoral-juvenil.irsjg.org\/?s={search_term_string}\"},\"query-input\":{\"@type\":\"PropertyValueSpecification\",\"valueRequired\":true,\"valueName\":\"search_term_string\"}}],\"inLanguage\":\"fr-FR\"},{\"@type\":\"Organization\",\"@id\":\"https:\/\/pastoral-juvenil.irsjg.org\/#organization\",\"name\":\"Pastoral Juvenil IRSJG\",\"url\":\"https:\/\/pastoral-juvenil.irsjg.org\/\",\"logo\":{\"@type\":\"ImageObject\",\"inLanguage\":\"fr-FR\",\"@id\":\"https:\/\/pastoral-juvenil.irsjg.org\/#\/schema\/logo\/image\/\",\"url\":\"https:\/\/pastoral-juvenil.irsjg.org\/wp-content\/uploads\/2025\/02\/Logo.png\",\"contentUrl\":\"https:\/\/pastoral-juvenil.irsjg.org\/wp-content\/uploads\/2025\/02\/Logo.png\",\"width\":212,\"height\":56,\"caption\":\"Pastoral Juvenil IRSJG\"},\"image\":{\"@id\":\"https:\/\/pastoral-juvenil.irsjg.org\/#\/schema\/logo\/image\/\"},\"sameAs\":[\"https:\/\/www.facebook.com\/p\/Pastoral-Vocacional-Religiosas-de-San-Jos-de-Gerona-100070498778044\/\"]}]}<\/script>\n<!-- \/ Yoast SEO plugin. -->","yoast_head_json":{"title":"Te acompa\u00f1amos - Pastoral Juvenil IRSJG","description":"Si a\u00fan no has descubierto tu vocaci\u00f3n, podemos acompa\u00f1arte, escuch\u00e1ndote con cercan\u00eda y respeto, para descubrir \u201cel sue\u00f1o de Dios para ti\u201d.","robots":{"index":"index","follow":"follow","max-snippet":"max-snippet:-1","max-image-preview":"max-image-preview:large","max-video-preview":"max-video-preview:-1"},"canonical":"https:\/\/pastoral-juvenil.irsjg.org\/fr\/te-acompanamos\/","og_locale":"fr_FR","og_type":"article","og_title":"Te acompa\u00f1amos - Pastoral Juvenil IRSJG","og_description":"Si a\u00fan no has descubierto tu vocaci\u00f3n, podemos acompa\u00f1arte, escuch\u00e1ndote con cercan\u00eda y respeto, para descubrir \u201cel sue\u00f1o de Dios para ti\u201d.","og_url":"https:\/\/pastoral-juvenil.irsjg.org\/fr\/te-acompanamos\/","og_site_name":"Pastoral Juvenil IRSJG","article_publisher":"https:\/\/www.facebook.com\/p\/Pastoral-Vocacional-Religiosas-de-San-Jos-de-Gerona-100070498778044\/","article_modified_time":"2025-07-15T16:18:46+00:00","og_image":[{"width":508,"height":560,"url":"https:\/\/pastoral-juvenil.irsjg.org\/wp-content\/uploads\/2025\/03\/IRSJG-pastoral-juvenil-te-acompanamos-.jpg","type":"image\/jpeg"}],"twitter_card":"summary_large_image","twitter_misc":{"Est. reading time":"1 minute"},"schema":{"@context":"https:\/\/schema.org","@graph":[{"@type":"WebPage","@id":"https:\/\/pastoral-juvenil.irsjg.org\/te-acompanamos\/","url":"https:\/\/pastoral-juvenil.irsjg.org\/te-acompanamos\/","name":"Te acompa\u00f1amos - Pastoral Juvenil IRSJG","isPartOf":{"@id":"https:\/\/pastoral-juvenil.irsjg.org\/#website"},"primaryImageOfPage":{"@id":"https:\/\/pastoral-juvenil.irsjg.org\/te-acompanamos\/#primaryimage"},"image":{"@id":"https:\/\/pastoral-juvenil.irsjg.org\/te-acompanamos\/#primaryimage"},"thumbnailUrl":"https:\/\/pastoral-juvenil.irsjg.org\/wp-content\/uploads\/2025\/03\/IRSJG-pastoral-juvenil-te-acompanamos-.jpg","datePublished":"2025-03-10T09:03:58+00:00","dateModified":"2025-07-15T16:18:46+00:00","description":"Si a\u00fan no has descubierto tu vocaci\u00f3n, podemos acompa\u00f1arte, escuch\u00e1ndote con cercan\u00eda y respeto, para descubrir \u201cel sue\u00f1o de Dios para ti\u201d.","breadcrumb":{"@id":"https:\/\/pastoral-juvenil.irsjg.org\/te-acompanamos\/#breadcrumb"},"inLanguage":"fr-FR","potentialAction":[{"@type":"ReadAction","target":["https:\/\/pastoral-juvenil.irsjg.org\/te-acompanamos\/"]}]},{"@type":"ImageObject","inLanguage":"fr-FR","@id":"https:\/\/pastoral-juvenil.irsjg.org\/te-acompanamos\/#primaryimage","url":"https:\/\/pastoral-juvenil.irsjg.org\/wp-content\/uploads\/2025\/03\/IRSJG-pastoral-juvenil-te-acompanamos-.jpg","contentUrl":"https:\/\/pastoral-juvenil.irsjg.org\/wp-content\/uploads\/2025\/03\/IRSJG-pastoral-juvenil-te-acompanamos-.jpg","width":508,"height":560,"caption":"Pastoral Juvenil de las Religiosas de San Jos\u00e9 de Gerona en Tizim\u00edn, M\u00e9xico."},{"@type":"BreadcrumbList","@id":"https:\/\/pastoral-juvenil.irsjg.org\/te-acompanamos\/#breadcrumb","itemListElement":[{"@type":"ListItem","position":1,"name":"Home","item":"https:\/\/pastoral-juvenil.irsjg.org\/"},{"@type":"ListItem","position":2,"name":"Te acompa\u00f1amos"}]},{"@type":"WebSite","@id":"https:\/\/pastoral-juvenil.irsjg.org\/#website","url":"https:\/\/pastoral-juvenil.irsjg.org\/","name":"Pastorale des Jeunes IRSJG","description":"","publisher":{"@id":"https:\/\/pastoral-juvenil.irsjg.org\/#organization"},"potentialAction":[{"@type":"SearchAction","target":{"@type":"EntryPoint","urlTemplate":"https:\/\/pastoral-juvenil.irsjg.org\/?s={search_term_string}"},"query-input":{"@type":"PropertyValueSpecification","valueRequired":true,"valueName":"search_term_string"}}],"inLanguage":"fr-FR"},{"@type":"Organization","@id":"https:\/\/pastoral-juvenil.irsjg.org\/#organization","name":"Pastorale des Jeunes IRSJG","url":"https:\/\/pastoral-juvenil.irsjg.org\/","logo":{"@type":"ImageObject","inLanguage":"fr-FR","@id":"https:\/\/pastoral-juvenil.irsjg.org\/#\/schema\/logo\/image\/","url":"https:\/\/pastoral-juvenil.irsjg.org\/wp-content\/uploads\/2025\/02\/Logo.png","contentUrl":"https:\/\/pastoral-juvenil.irsjg.org\/wp-content\/uploads\/2025\/02\/Logo.png","width":212,"height":56,"caption":"Pastoral Juvenil IRSJG"},"image":{"@id":"https:\/\/pastoral-juvenil.irsjg.org\/#\/schema\/logo\/image\/"},"sameAs":["https:\/\/www.facebook.com\/p\/Pastoral-Vocacional-Religiosas-de-San-Jos-de-Gerona-100070498778044\/"]}]}},"_links":{"self":[{"href":"https:\/\/pastoral-juvenil.irsjg.org\/fr\/wp-json\/wp\/v2\/pages\/953","targetHints":{"allow":["GET"]}}],"collection":[{"href":"https:\/\/pastoral-juvenil.irsjg.org\/fr\/wp-json\/wp\/v2\/pages"}],"about":[{"href":"https:\/\/pastoral-juvenil.irsjg.org\/fr\/wp-json\/wp\/v2\/types\/page"}],"author":[{"embeddable":true,"href":"https:\/\/pastoral-juvenil.irsjg.org\/fr\/wp-json\/wp\/v2\/users\/1"}],"replies":[{"embeddable":true,"href":"https:\/\/pastoral-juvenil.irsjg.org\/fr\/wp-json\/wp\/v2\/comments?post=953"}],"version-history":[{"count":56,"href":"https:\/\/pastoral-juvenil.irsjg.org\/fr\/wp-json\/wp\/v2\/pages\/953\/revisions"}],"predecessor-version":[{"id":2003,"href":"https:\/\/pastoral-juvenil.irsjg.org\/fr\/wp-json\/wp\/v2\/pages\/953\/revisions\/2003"}],"wp:featuredmedia":[{"embeddable":true,"href":"https:\/\/pastoral-juvenil.irsjg.org\/fr\/wp-json\/wp\/v2\/media\/1429"}],"wp:attachment":[{"href":"https:\/\/pastoral-juvenil.irsjg.org\/fr\/wp-json\/wp\/v2\/media?parent=953"}],"curies":[{"name":"wp","href":"https:\/\/api.w.org\/{rel}","templated":true}]}}