{"id":948,"date":"2025-03-10T09:53:41","date_gmt":"2025-03-10T08:53:41","guid":{"rendered":"https:\/\/pastoral-juvenil.irsjg.org\/?page_id=948"},"modified":"2025-03-24T17:20:27","modified_gmt":"2025-03-24T16:20:27","slug":"espiritualidad","status":"publish","type":"page","link":"https:\/\/pastoral-juvenil.irsjg.org\/fr\/espiritualidad\/","title":{"rendered":"Spiritualit\u00e9"},"content":{"rendered":"<h2 class=\"wp-block-heading\">Donner un sens \u00e0 sa vie<\/h2>\n\n\n\n<p>Notre spiritualit\u00e9 est n\u00e9e du Charisme que l'Esprit Saint a donn\u00e9 \u00e0 Maria Gay Tibau, notre fondatrice, qui a rendu transparent l'amour de Dieu pour les personnes malades et vuln\u00e9rables.<\/p>\n\n\n\n<p>R\u00e9pondant \u00e0 l'appel de Dieu, elle a d\u00e9couvert sa vocation \u00e0 Servir et \u00e0 Veiller sur toutes sortes de maladies, voyant J\u00e9sus de Nazareth dans les personnes qu'elle accompagnait et soignait.<\/p>\n\n\n\n<p>Aujourd'hui, notre Charisme continue d'\u00eatre pr\u00e9sent dans le monde \u00e0 travers une mission que nous partageons avec une grande famille avec laquelle nous semons la paix et soulageons la douleur dans diff\u00e9rents pays et domaines de la soci\u00e9t\u00e9.<\/p>\n\n\n\n<p><\/p>","protected":false},"excerpt":{"rendered":"<p>Nuestra espiritualidad nace del Carisma que el Esp\u00edritu Santo dio a Mar\u00eda Gay Tibau, nuestra fundadora, quien transparent\u00f3 el amor de Dios jhacia las personas enfermas y en situaci\u00f3n de vulnerabilidad.<\/p>","protected":false},"author":1,"featured_media":1367,"parent":0,"menu_order":0,"comment_status":"closed","ping_status":"closed","template":"","meta":{"_acf_changed":false,"_et_pb_use_builder":"","_et_pb_old_content":"","_et_gb_content_width":"","footnotes":""},"class_list":["post-948","page","type-page","status-publish","has-post-thumbnail","hentry"],"acf":[],"yoast_head":"<!-- This site is optimized with the Yoast SEO plugin v26.9 - https:\/\/yoast.com\/product\/yoast-seo-wordpress\/ -->\n<title>Espiritualidad - Pastoral Juvenil IRSJG<\/title>\n<meta name=\"robots\" content=\"index, follow, max-snippet:-1, max-image-preview:large, max-video-preview:-1\" \/>\n<link rel=\"canonical\" href=\"https:\/\/pastoral-juvenil.irsjg.org\/fr\/espiritualidad\/\" \/>\n<meta property=\"og:locale\" content=\"fr_FR\" \/>\n<meta property=\"og:type\" content=\"article\" \/>\n<meta property=\"og:title\" content=\"Espiritualidad - Pastoral Juvenil IRSJG\" \/>\n<meta property=\"og:description\" content=\"Nuestra espiritualidad nace del Carisma que el Esp\u00edritu Santo dio a Mar\u00eda Gay Tibau, nuestra fundadora, quien transparent\u00f3 el amor de Dios jhacia las personas enfermas y en situaci\u00f3n de vulnerabilidad.\" \/>\n<meta property=\"og:url\" content=\"https:\/\/pastoral-juvenil.irsjg.org\/fr\/espiritualidad\/\" \/>\n<meta property=\"og:site_name\" content=\"Pastoral Juvenil IRSJG\" \/>\n<meta property=\"article:publisher\" content=\"https:\/\/www.facebook.com\/p\/Pastoral-Vocacional-Religiosas-de-San-Jos-de-Gerona-100070498778044\/\" \/>\n<meta property=\"article:modified_time\" content=\"2025-03-24T16:20:27+00:00\" \/>\n<meta property=\"og:image\" content=\"https:\/\/pastoral-juvenil.irsjg.org\/wp-content\/uploads\/2025\/03\/IRSJG-Maria-Gay-Tibau.jpg\" \/>\n\t<meta property=\"og:image:width\" content=\"508\" \/>\n\t<meta property=\"og:image:height\" content=\"560\" \/>\n\t<meta property=\"og:image:type\" content=\"image\/jpeg\" \/>\n<meta name=\"twitter:card\" content=\"summary_large_image\" \/>\n<meta name=\"twitter:label1\" content=\"Est. reading time\" \/>\n\t<meta name=\"twitter:data1\" content=\"1 minute\" \/>\n<script type=\"application\/ld+json\" class=\"yoast-schema-graph\">{\"@context\":\"https:\/\/schema.org\",\"@graph\":[{\"@type\":\"WebPage\",\"@id\":\"https:\/\/pastoral-juvenil.irsjg.org\/espiritualidad\/\",\"url\":\"https:\/\/pastoral-juvenil.irsjg.org\/espiritualidad\/\",\"name\":\"Espiritualidad - Pastoral Juvenil IRSJG\",\"isPartOf\":{\"@id\":\"https:\/\/pastoral-juvenil.irsjg.org\/#website\"},\"primaryImageOfPage\":{\"@id\":\"https:\/\/pastoral-juvenil.irsjg.org\/espiritualidad\/#primaryimage\"},\"image\":{\"@id\":\"https:\/\/pastoral-juvenil.irsjg.org\/espiritualidad\/#primaryimage\"},\"thumbnailUrl\":\"https:\/\/pastoral-juvenil.irsjg.org\/wp-content\/uploads\/2025\/03\/IRSJG-Maria-Gay-Tibau.jpg\",\"datePublished\":\"2025-03-10T08:53:41+00:00\",\"dateModified\":\"2025-03-24T16:20:27+00:00\",\"breadcrumb\":{\"@id\":\"https:\/\/pastoral-juvenil.irsjg.org\/espiritualidad\/#breadcrumb\"},\"inLanguage\":\"fr-FR\",\"potentialAction\":[{\"@type\":\"ReadAction\",\"target\":[\"https:\/\/pastoral-juvenil.irsjg.org\/espiritualidad\/\"]}]},{\"@type\":\"ImageObject\",\"inLanguage\":\"fr-FR\",\"@id\":\"https:\/\/pastoral-juvenil.irsjg.org\/espiritualidad\/#primaryimage\",\"url\":\"https:\/\/pastoral-juvenil.irsjg.org\/wp-content\/uploads\/2025\/03\/IRSJG-Maria-Gay-Tibau.jpg\",\"contentUrl\":\"https:\/\/pastoral-juvenil.irsjg.org\/wp-content\/uploads\/2025\/03\/IRSJG-Maria-Gay-Tibau.jpg\",\"width\":508,\"height\":560,\"caption\":\"Retrato de Mar\u00eda Gay Tibau, fundadora de las Religiosas de San Jos\u00e9 de Gerona\"},{\"@type\":\"BreadcrumbList\",\"@id\":\"https:\/\/pastoral-juvenil.irsjg.org\/espiritualidad\/#breadcrumb\",\"itemListElement\":[{\"@type\":\"ListItem\",\"position\":1,\"name\":\"Home\",\"item\":\"https:\/\/pastoral-juvenil.irsjg.org\/\"},{\"@type\":\"ListItem\",\"position\":2,\"name\":\"Espiritualidad\"}]},{\"@type\":\"WebSite\",\"@id\":\"https:\/\/pastoral-juvenil.irsjg.org\/#website\",\"url\":\"https:\/\/pastoral-juvenil.irsjg.org\/\",\"name\":\"Pastoral Juvenil IRSJG\",\"description\":\"\",\"publisher\":{\"@id\":\"https:\/\/pastoral-juvenil.irsjg.org\/#organization\"},\"potentialAction\":[{\"@type\":\"SearchAction\",\"target\":{\"@type\":\"EntryPoint\",\"urlTemplate\":\"https:\/\/pastoral-juvenil.irsjg.org\/?s={search_term_string}\"},\"query-input\":{\"@type\":\"PropertyValueSpecification\",\"valueRequired\":true,\"valueName\":\"search_term_string\"}}],\"inLanguage\":\"fr-FR\"},{\"@type\":\"Organization\",\"@id\":\"https:\/\/pastoral-juvenil.irsjg.org\/#organization\",\"name\":\"Pastoral Juvenil IRSJG\",\"url\":\"https:\/\/pastoral-juvenil.irsjg.org\/\",\"logo\":{\"@type\":\"ImageObject\",\"inLanguage\":\"fr-FR\",\"@id\":\"https:\/\/pastoral-juvenil.irsjg.org\/#\/schema\/logo\/image\/\",\"url\":\"https:\/\/pastoral-juvenil.irsjg.org\/wp-content\/uploads\/2025\/02\/Logo.png\",\"contentUrl\":\"https:\/\/pastoral-juvenil.irsjg.org\/wp-content\/uploads\/2025\/02\/Logo.png\",\"width\":212,\"height\":56,\"caption\":\"Pastoral Juvenil IRSJG\"},\"image\":{\"@id\":\"https:\/\/pastoral-juvenil.irsjg.org\/#\/schema\/logo\/image\/\"},\"sameAs\":[\"https:\/\/www.facebook.com\/p\/Pastoral-Vocacional-Religiosas-de-San-Jos-de-Gerona-100070498778044\/\"]}]}<\/script>\n<!-- \/ Yoast SEO plugin. -->","yoast_head_json":{"title":"Espiritualidad - Pastoral Juvenil IRSJG","robots":{"index":"index","follow":"follow","max-snippet":"max-snippet:-1","max-image-preview":"max-image-preview:large","max-video-preview":"max-video-preview:-1"},"canonical":"https:\/\/pastoral-juvenil.irsjg.org\/fr\/espiritualidad\/","og_locale":"fr_FR","og_type":"article","og_title":"Espiritualidad - Pastoral Juvenil IRSJG","og_description":"Nuestra espiritualidad nace del Carisma que el Esp\u00edritu Santo dio a Mar\u00eda Gay Tibau, nuestra fundadora, quien transparent\u00f3 el amor de Dios jhacia las personas enfermas y en situaci\u00f3n de vulnerabilidad.","og_url":"https:\/\/pastoral-juvenil.irsjg.org\/fr\/espiritualidad\/","og_site_name":"Pastoral Juvenil IRSJG","article_publisher":"https:\/\/www.facebook.com\/p\/Pastoral-Vocacional-Religiosas-de-San-Jos-de-Gerona-100070498778044\/","article_modified_time":"2025-03-24T16:20:27+00:00","og_image":[{"width":508,"height":560,"url":"https:\/\/pastoral-juvenil.irsjg.org\/wp-content\/uploads\/2025\/03\/IRSJG-Maria-Gay-Tibau.jpg","type":"image\/jpeg"}],"twitter_card":"summary_large_image","twitter_misc":{"Est. reading time":"1 minute"},"schema":{"@context":"https:\/\/schema.org","@graph":[{"@type":"WebPage","@id":"https:\/\/pastoral-juvenil.irsjg.org\/espiritualidad\/","url":"https:\/\/pastoral-juvenil.irsjg.org\/espiritualidad\/","name":"Espiritualidad - Pastoral Juvenil IRSJG","isPartOf":{"@id":"https:\/\/pastoral-juvenil.irsjg.org\/#website"},"primaryImageOfPage":{"@id":"https:\/\/pastoral-juvenil.irsjg.org\/espiritualidad\/#primaryimage"},"image":{"@id":"https:\/\/pastoral-juvenil.irsjg.org\/espiritualidad\/#primaryimage"},"thumbnailUrl":"https:\/\/pastoral-juvenil.irsjg.org\/wp-content\/uploads\/2025\/03\/IRSJG-Maria-Gay-Tibau.jpg","datePublished":"2025-03-10T08:53:41+00:00","dateModified":"2025-03-24T16:20:27+00:00","breadcrumb":{"@id":"https:\/\/pastoral-juvenil.irsjg.org\/espiritualidad\/#breadcrumb"},"inLanguage":"fr-FR","potentialAction":[{"@type":"ReadAction","target":["https:\/\/pastoral-juvenil.irsjg.org\/espiritualidad\/"]}]},{"@type":"ImageObject","inLanguage":"fr-FR","@id":"https:\/\/pastoral-juvenil.irsjg.org\/espiritualidad\/#primaryimage","url":"https:\/\/pastoral-juvenil.irsjg.org\/wp-content\/uploads\/2025\/03\/IRSJG-Maria-Gay-Tibau.jpg","contentUrl":"https:\/\/pastoral-juvenil.irsjg.org\/wp-content\/uploads\/2025\/03\/IRSJG-Maria-Gay-Tibau.jpg","width":508,"height":560,"caption":"Retrato de Mar\u00eda Gay Tibau, fundadora de las Religiosas de San Jos\u00e9 de Gerona"},{"@type":"BreadcrumbList","@id":"https:\/\/pastoral-juvenil.irsjg.org\/espiritualidad\/#breadcrumb","itemListElement":[{"@type":"ListItem","position":1,"name":"Home","item":"https:\/\/pastoral-juvenil.irsjg.org\/"},{"@type":"ListItem","position":2,"name":"Espiritualidad"}]},{"@type":"WebSite","@id":"https:\/\/pastoral-juvenil.irsjg.org\/#website","url":"https:\/\/pastoral-juvenil.irsjg.org\/","name":"Pastorale des Jeunes IRSJG","description":"","publisher":{"@id":"https:\/\/pastoral-juvenil.irsjg.org\/#organization"},"potentialAction":[{"@type":"SearchAction","target":{"@type":"EntryPoint","urlTemplate":"https:\/\/pastoral-juvenil.irsjg.org\/?s={search_term_string}"},"query-input":{"@type":"PropertyValueSpecification","valueRequired":true,"valueName":"search_term_string"}}],"inLanguage":"fr-FR"},{"@type":"Organization","@id":"https:\/\/pastoral-juvenil.irsjg.org\/#organization","name":"Pastorale des Jeunes IRSJG","url":"https:\/\/pastoral-juvenil.irsjg.org\/","logo":{"@type":"ImageObject","inLanguage":"fr-FR","@id":"https:\/\/pastoral-juvenil.irsjg.org\/#\/schema\/logo\/image\/","url":"https:\/\/pastoral-juvenil.irsjg.org\/wp-content\/uploads\/2025\/02\/Logo.png","contentUrl":"https:\/\/pastoral-juvenil.irsjg.org\/wp-content\/uploads\/2025\/02\/Logo.png","width":212,"height":56,"caption":"Pastoral Juvenil IRSJG"},"image":{"@id":"https:\/\/pastoral-juvenil.irsjg.org\/#\/schema\/logo\/image\/"},"sameAs":["https:\/\/www.facebook.com\/p\/Pastoral-Vocacional-Religiosas-de-San-Jos-de-Gerona-100070498778044\/"]}]}},"_links":{"self":[{"href":"https:\/\/pastoral-juvenil.irsjg.org\/fr\/wp-json\/wp\/v2\/pages\/948","targetHints":{"allow":["GET"]}}],"collection":[{"href":"https:\/\/pastoral-juvenil.irsjg.org\/fr\/wp-json\/wp\/v2\/pages"}],"about":[{"href":"https:\/\/pastoral-juvenil.irsjg.org\/fr\/wp-json\/wp\/v2\/types\/page"}],"author":[{"embeddable":true,"href":"https:\/\/pastoral-juvenil.irsjg.org\/fr\/wp-json\/wp\/v2\/users\/1"}],"replies":[{"embeddable":true,"href":"https:\/\/pastoral-juvenil.irsjg.org\/fr\/wp-json\/wp\/v2\/comments?post=948"}],"version-history":[{"count":20,"href":"https:\/\/pastoral-juvenil.irsjg.org\/fr\/wp-json\/wp\/v2\/pages\/948\/revisions"}],"predecessor-version":[{"id":1401,"href":"https:\/\/pastoral-juvenil.irsjg.org\/fr\/wp-json\/wp\/v2\/pages\/948\/revisions\/1401"}],"wp:featuredmedia":[{"embeddable":true,"href":"https:\/\/pastoral-juvenil.irsjg.org\/fr\/wp-json\/wp\/v2\/media\/1367"}],"wp:attachment":[{"href":"https:\/\/pastoral-juvenil.irsjg.org\/fr\/wp-json\/wp\/v2\/media?parent=948"}],"curies":[{"name":"wp","href":"https:\/\/api.w.org\/{rel}","templated":true}]}}