{"id":668,"date":"2025-02-28T17:16:14","date_gmt":"2025-02-28T16:16:14","guid":{"rendered":"https:\/\/pastoral-juvenil.irsjg.org\/?page_id=668"},"modified":"2025-03-26T15:07:47","modified_gmt":"2025-03-26T14:07:47","slug":"mision-y-carisma","status":"publish","type":"page","link":"https:\/\/pastoral-juvenil.irsjg.org\/fr\/mision-y-carisma\/","title":{"rendered":"Charisme et Mission"},"content":{"rendered":"<h2 class=\"wp-block-heading\">Qui sommes-nous ?<\/h2>\n\n\n\n<h3 class=\"wp-block-heading\">Nous sommes une grande famille avec une diversit\u00e9 de cultures, pr\u00e9sente en Am\u00e9rique latine, en Afrique et en Europe. Nous nous appelons Institut des Religieuses de Saint Joseph de G\u00e9rone. Vous pouvez en faire partie !<\/h3>\n\n\n\n<p>Notre histoire est n\u00e9e d'une initiative personnelle de notre fondatrice, Maria Gay Tibau, qui a cr\u00e9\u00e9 en 1870 une petite association de veilleuses pour accompagner les personnes malades ou en situation de vuln\u00e9rabilit\u00e9.<\/p>\n\n\n\n<p>Aujourd'hui, cette congr\u00e9gation, <a data-type=\"link\" data-id=\"https:\/\/www.irsjg.org\" href=\"https:\/\/www.irsjg.org\" target=\"_blank\" rel=\"noreferrer noopener\">l'Institut des Religieuses de Saint Joseph de G\u00e9rone<\/a>, est pr\u00e9sente dans 12 pays d'Afrique, d'Am\u00e9rique latine et d'Europe, avec 46 communaut\u00e9s de vie religieuse et 21 centres propres.<\/p>","protected":false},"excerpt":{"rendered":"<p>Qui\u00e9nes somos Somos una gran familia con diversidad de culturas, presente en Am\u00e9rica Latina, \u00c1frica y Europa. Nos llamamos Instituto de Religiosas de San Jos\u00e9 de Gerona. \u00a1T\u00fa puedes formar parte de ella! Nuestra historia empez\u00f3 como una iniciativa personal de nuestra fundadora, Mar\u00eda Gay Tibau, quien en 1870 cre\u00f3 una peque\u00f1a asociaci\u00f3n de veladoras [&hellip;]<\/p>\n","protected":false},"author":1,"featured_media":1325,"parent":0,"menu_order":0,"comment_status":"closed","ping_status":"closed","template":"","meta":{"_acf_changed":false,"_et_pb_use_builder":"","_et_pb_old_content":"","_et_gb_content_width":"","footnotes":""},"class_list":["post-668","page","type-page","status-publish","has-post-thumbnail","hentry"],"acf":[],"yoast_head":"<!-- This site is optimized with the Yoast SEO plugin v26.9 - https:\/\/yoast.com\/product\/yoast-seo-wordpress\/ -->\n<title>Carisma y Misi\u00f3n - Pastoral Juvenil IRSJG<\/title>\n<meta name=\"description\" content=\"Somos una gran familia, presente en Am\u00e9rica Latina, \u00c1frica y Europa. Nos llamamos Instituto de Religiosas de San Jos\u00e9 de Gerona. \u00a1Con\u00f3cenos!\" \/>\n<meta name=\"robots\" content=\"index, follow, max-snippet:-1, max-image-preview:large, max-video-preview:-1\" \/>\n<link rel=\"canonical\" href=\"https:\/\/pastoral-juvenil.irsjg.org\/fr\/mision-y-carisma\/\" \/>\n<meta property=\"og:locale\" content=\"fr_FR\" \/>\n<meta property=\"og:type\" content=\"article\" \/>\n<meta property=\"og:title\" content=\"Carisma y Misi\u00f3n - Pastoral Juvenil IRSJG\" \/>\n<meta property=\"og:description\" content=\"Somos una gran familia, presente en Am\u00e9rica Latina, \u00c1frica y Europa. Nos llamamos Instituto de Religiosas de San Jos\u00e9 de Gerona. \u00a1Con\u00f3cenos!\" \/>\n<meta property=\"og:url\" content=\"https:\/\/pastoral-juvenil.irsjg.org\/fr\/mision-y-carisma\/\" \/>\n<meta property=\"og:site_name\" content=\"Pastoral Juvenil IRSJG\" \/>\n<meta property=\"article:publisher\" content=\"https:\/\/www.facebook.com\/p\/Pastoral-Vocacional-Religiosas-de-San-Jos-de-Gerona-100070498778044\/\" \/>\n<meta property=\"article:modified_time\" content=\"2025-03-26T14:07:47+00:00\" \/>\n<meta property=\"og:image\" content=\"https:\/\/pastoral-juvenil.irsjg.org\/wp-content\/uploads\/2025\/03\/IRSJG-Pastoral-Juvenil-Mision-Carisma-1.jpg\" \/>\n\t<meta property=\"og:image:width\" content=\"508\" \/>\n\t<meta property=\"og:image:height\" content=\"559\" \/>\n\t<meta property=\"og:image:type\" content=\"image\/jpeg\" \/>\n<meta name=\"twitter:card\" content=\"summary_large_image\" \/>\n<meta name=\"twitter:label1\" content=\"Est. reading time\" \/>\n\t<meta name=\"twitter:data1\" content=\"1 minute\" \/>\n<script type=\"application\/ld+json\" class=\"yoast-schema-graph\">{\"@context\":\"https:\/\/schema.org\",\"@graph\":[{\"@type\":\"WebPage\",\"@id\":\"https:\/\/pastoral-juvenil.irsjg.org\/mision-y-carisma\/\",\"url\":\"https:\/\/pastoral-juvenil.irsjg.org\/mision-y-carisma\/\",\"name\":\"Carisma y Misi\u00f3n - Pastoral Juvenil IRSJG\",\"isPartOf\":{\"@id\":\"https:\/\/pastoral-juvenil.irsjg.org\/#website\"},\"primaryImageOfPage\":{\"@id\":\"https:\/\/pastoral-juvenil.irsjg.org\/mision-y-carisma\/#primaryimage\"},\"image\":{\"@id\":\"https:\/\/pastoral-juvenil.irsjg.org\/mision-y-carisma\/#primaryimage\"},\"thumbnailUrl\":\"https:\/\/pastoral-juvenil.irsjg.org\/wp-content\/uploads\/2025\/03\/IRSJG-Pastoral-Juvenil-Mision-Carisma-1.jpg\",\"datePublished\":\"2025-02-28T16:16:14+00:00\",\"dateModified\":\"2025-03-26T14:07:47+00:00\",\"description\":\"Somos una gran familia, presente en Am\u00e9rica Latina, \u00c1frica y Europa. Nos llamamos Instituto de Religiosas de San Jos\u00e9 de Gerona. \u00a1Con\u00f3cenos!\",\"breadcrumb\":{\"@id\":\"https:\/\/pastoral-juvenil.irsjg.org\/mision-y-carisma\/#breadcrumb\"},\"inLanguage\":\"fr-FR\",\"potentialAction\":[{\"@type\":\"ReadAction\",\"target\":[\"https:\/\/pastoral-juvenil.irsjg.org\/mision-y-carisma\/\"]}]},{\"@type\":\"ImageObject\",\"inLanguage\":\"fr-FR\",\"@id\":\"https:\/\/pastoral-juvenil.irsjg.org\/mision-y-carisma\/#primaryimage\",\"url\":\"https:\/\/pastoral-juvenil.irsjg.org\/wp-content\/uploads\/2025\/03\/IRSJG-Pastoral-Juvenil-Mision-Carisma-1.jpg\",\"contentUrl\":\"https:\/\/pastoral-juvenil.irsjg.org\/wp-content\/uploads\/2025\/03\/IRSJG-Pastoral-Juvenil-Mision-Carisma-1.jpg\",\"width\":508,\"height\":559},{\"@type\":\"BreadcrumbList\",\"@id\":\"https:\/\/pastoral-juvenil.irsjg.org\/mision-y-carisma\/#breadcrumb\",\"itemListElement\":[{\"@type\":\"ListItem\",\"position\":1,\"name\":\"Home\",\"item\":\"https:\/\/pastoral-juvenil.irsjg.org\/\"},{\"@type\":\"ListItem\",\"position\":2,\"name\":\"Carisma y Misi\u00f3n\"}]},{\"@type\":\"WebSite\",\"@id\":\"https:\/\/pastoral-juvenil.irsjg.org\/#website\",\"url\":\"https:\/\/pastoral-juvenil.irsjg.org\/\",\"name\":\"Pastoral Juvenil IRSJG\",\"description\":\"\",\"publisher\":{\"@id\":\"https:\/\/pastoral-juvenil.irsjg.org\/#organization\"},\"potentialAction\":[{\"@type\":\"SearchAction\",\"target\":{\"@type\":\"EntryPoint\",\"urlTemplate\":\"https:\/\/pastoral-juvenil.irsjg.org\/?s={search_term_string}\"},\"query-input\":{\"@type\":\"PropertyValueSpecification\",\"valueRequired\":true,\"valueName\":\"search_term_string\"}}],\"inLanguage\":\"fr-FR\"},{\"@type\":\"Organization\",\"@id\":\"https:\/\/pastoral-juvenil.irsjg.org\/#organization\",\"name\":\"Pastoral Juvenil IRSJG\",\"url\":\"https:\/\/pastoral-juvenil.irsjg.org\/\",\"logo\":{\"@type\":\"ImageObject\",\"inLanguage\":\"fr-FR\",\"@id\":\"https:\/\/pastoral-juvenil.irsjg.org\/#\/schema\/logo\/image\/\",\"url\":\"https:\/\/pastoral-juvenil.irsjg.org\/wp-content\/uploads\/2025\/02\/Logo.png\",\"contentUrl\":\"https:\/\/pastoral-juvenil.irsjg.org\/wp-content\/uploads\/2025\/02\/Logo.png\",\"width\":212,\"height\":56,\"caption\":\"Pastoral Juvenil IRSJG\"},\"image\":{\"@id\":\"https:\/\/pastoral-juvenil.irsjg.org\/#\/schema\/logo\/image\/\"},\"sameAs\":[\"https:\/\/www.facebook.com\/p\/Pastoral-Vocacional-Religiosas-de-San-Jos-de-Gerona-100070498778044\/\"]}]}<\/script>\n<!-- \/ Yoast SEO plugin. -->","yoast_head_json":{"title":"Carisma y Misi\u00f3n - Pastoral Juvenil IRSJG","description":"Somos una gran familia, presente en Am\u00e9rica Latina, \u00c1frica y Europa. Nos llamamos Instituto de Religiosas de San Jos\u00e9 de Gerona. \u00a1Con\u00f3cenos!","robots":{"index":"index","follow":"follow","max-snippet":"max-snippet:-1","max-image-preview":"max-image-preview:large","max-video-preview":"max-video-preview:-1"},"canonical":"https:\/\/pastoral-juvenil.irsjg.org\/fr\/mision-y-carisma\/","og_locale":"fr_FR","og_type":"article","og_title":"Carisma y Misi\u00f3n - Pastoral Juvenil IRSJG","og_description":"Somos una gran familia, presente en Am\u00e9rica Latina, \u00c1frica y Europa. Nos llamamos Instituto de Religiosas de San Jos\u00e9 de Gerona. \u00a1Con\u00f3cenos!","og_url":"https:\/\/pastoral-juvenil.irsjg.org\/fr\/mision-y-carisma\/","og_site_name":"Pastoral Juvenil IRSJG","article_publisher":"https:\/\/www.facebook.com\/p\/Pastoral-Vocacional-Religiosas-de-San-Jos-de-Gerona-100070498778044\/","article_modified_time":"2025-03-26T14:07:47+00:00","og_image":[{"width":508,"height":559,"url":"https:\/\/pastoral-juvenil.irsjg.org\/wp-content\/uploads\/2025\/03\/IRSJG-Pastoral-Juvenil-Mision-Carisma-1.jpg","type":"image\/jpeg"}],"twitter_card":"summary_large_image","twitter_misc":{"Est. reading time":"1 minute"},"schema":{"@context":"https:\/\/schema.org","@graph":[{"@type":"WebPage","@id":"https:\/\/pastoral-juvenil.irsjg.org\/mision-y-carisma\/","url":"https:\/\/pastoral-juvenil.irsjg.org\/mision-y-carisma\/","name":"Carisma y Misi\u00f3n - Pastoral Juvenil IRSJG","isPartOf":{"@id":"https:\/\/pastoral-juvenil.irsjg.org\/#website"},"primaryImageOfPage":{"@id":"https:\/\/pastoral-juvenil.irsjg.org\/mision-y-carisma\/#primaryimage"},"image":{"@id":"https:\/\/pastoral-juvenil.irsjg.org\/mision-y-carisma\/#primaryimage"},"thumbnailUrl":"https:\/\/pastoral-juvenil.irsjg.org\/wp-content\/uploads\/2025\/03\/IRSJG-Pastoral-Juvenil-Mision-Carisma-1.jpg","datePublished":"2025-02-28T16:16:14+00:00","dateModified":"2025-03-26T14:07:47+00:00","description":"Somos una gran familia, presente en Am\u00e9rica Latina, \u00c1frica y Europa. Nos llamamos Instituto de Religiosas de San Jos\u00e9 de Gerona. \u00a1Con\u00f3cenos!","breadcrumb":{"@id":"https:\/\/pastoral-juvenil.irsjg.org\/mision-y-carisma\/#breadcrumb"},"inLanguage":"fr-FR","potentialAction":[{"@type":"ReadAction","target":["https:\/\/pastoral-juvenil.irsjg.org\/mision-y-carisma\/"]}]},{"@type":"ImageObject","inLanguage":"fr-FR","@id":"https:\/\/pastoral-juvenil.irsjg.org\/mision-y-carisma\/#primaryimage","url":"https:\/\/pastoral-juvenil.irsjg.org\/wp-content\/uploads\/2025\/03\/IRSJG-Pastoral-Juvenil-Mision-Carisma-1.jpg","contentUrl":"https:\/\/pastoral-juvenil.irsjg.org\/wp-content\/uploads\/2025\/03\/IRSJG-Pastoral-Juvenil-Mision-Carisma-1.jpg","width":508,"height":559},{"@type":"BreadcrumbList","@id":"https:\/\/pastoral-juvenil.irsjg.org\/mision-y-carisma\/#breadcrumb","itemListElement":[{"@type":"ListItem","position":1,"name":"Home","item":"https:\/\/pastoral-juvenil.irsjg.org\/"},{"@type":"ListItem","position":2,"name":"Carisma y Misi\u00f3n"}]},{"@type":"WebSite","@id":"https:\/\/pastoral-juvenil.irsjg.org\/#website","url":"https:\/\/pastoral-juvenil.irsjg.org\/","name":"Pastorale des Jeunes IRSJG","description":"","publisher":{"@id":"https:\/\/pastoral-juvenil.irsjg.org\/#organization"},"potentialAction":[{"@type":"SearchAction","target":{"@type":"EntryPoint","urlTemplate":"https:\/\/pastoral-juvenil.irsjg.org\/?s={search_term_string}"},"query-input":{"@type":"PropertyValueSpecification","valueRequired":true,"valueName":"search_term_string"}}],"inLanguage":"fr-FR"},{"@type":"Organization","@id":"https:\/\/pastoral-juvenil.irsjg.org\/#organization","name":"Pastorale des Jeunes IRSJG","url":"https:\/\/pastoral-juvenil.irsjg.org\/","logo":{"@type":"ImageObject","inLanguage":"fr-FR","@id":"https:\/\/pastoral-juvenil.irsjg.org\/#\/schema\/logo\/image\/","url":"https:\/\/pastoral-juvenil.irsjg.org\/wp-content\/uploads\/2025\/02\/Logo.png","contentUrl":"https:\/\/pastoral-juvenil.irsjg.org\/wp-content\/uploads\/2025\/02\/Logo.png","width":212,"height":56,"caption":"Pastoral Juvenil IRSJG"},"image":{"@id":"https:\/\/pastoral-juvenil.irsjg.org\/#\/schema\/logo\/image\/"},"sameAs":["https:\/\/www.facebook.com\/p\/Pastoral-Vocacional-Religiosas-de-San-Jos-de-Gerona-100070498778044\/"]}]}},"_links":{"self":[{"href":"https:\/\/pastoral-juvenil.irsjg.org\/fr\/wp-json\/wp\/v2\/pages\/668","targetHints":{"allow":["GET"]}}],"collection":[{"href":"https:\/\/pastoral-juvenil.irsjg.org\/fr\/wp-json\/wp\/v2\/pages"}],"about":[{"href":"https:\/\/pastoral-juvenil.irsjg.org\/fr\/wp-json\/wp\/v2\/types\/page"}],"author":[{"embeddable":true,"href":"https:\/\/pastoral-juvenil.irsjg.org\/fr\/wp-json\/wp\/v2\/users\/1"}],"replies":[{"embeddable":true,"href":"https:\/\/pastoral-juvenil.irsjg.org\/fr\/wp-json\/wp\/v2\/comments?post=668"}],"version-history":[{"count":35,"href":"https:\/\/pastoral-juvenil.irsjg.org\/fr\/wp-json\/wp\/v2\/pages\/668\/revisions"}],"predecessor-version":[{"id":1536,"href":"https:\/\/pastoral-juvenil.irsjg.org\/fr\/wp-json\/wp\/v2\/pages\/668\/revisions\/1536"}],"wp:featuredmedia":[{"embeddable":true,"href":"https:\/\/pastoral-juvenil.irsjg.org\/fr\/wp-json\/wp\/v2\/media\/1325"}],"wp:attachment":[{"href":"https:\/\/pastoral-juvenil.irsjg.org\/fr\/wp-json\/wp\/v2\/media?parent=668"}],"curies":[{"name":"wp","href":"https:\/\/api.w.org\/{rel}","templated":true}]}}