{"id":1000,"date":"2025-03-10T15:12:09","date_gmt":"2025-03-10T14:12:09","guid":{"rendered":"https:\/\/pastoral-juvenil.irsjg.org\/?page_id=1000"},"modified":"2025-03-25T12:06:53","modified_gmt":"2025-03-25T11:06:53","slug":"aviso-legal","status":"publish","type":"page","link":"https:\/\/pastoral-juvenil.irsjg.org\/fr\/aviso-legal\/","title":{"rendered":"Avertissement l\u00e9gal"},"content":{"rendered":"<h2 class=\"wp-block-heading\">Propriet\u00e9 du site Web<\/h2>\n\n\n\n<p>Conform\u00e9ment au devoir d\u2019information contenu dans l\u2019article 10 de la loi 34\/2002 du 11 juillet sur les services de la soci\u00e9t\u00e9 de l\u2019information et du commerce \u00e9lectronique, nous indiquons les donn\u00e9es suivantes :<\/p>\n\n\n\n<p>La soci\u00e9t\u00e9 propri\u00e9taire du domaine Web\u00a0<a href=\"https:\/\/pastoral-juvenil.irsjg.org\/fr\/\">https:\/\/www.pastoral-juvenil.irsjg.org\u00a0<\/a>est\u00a0<strong>GOBIERNO GENERAL INSTITUTO DE RELIGIOSAS DE SAN JOS\u00c9 DE GERONA<\/strong>\u00a0(\u00e0 partir de maintenant\u00a0<strong>IRSJG<\/strong>) avec C.I.F. R-2800368-I et adresse sociale Avda. de la Moncloa 7, 28003, Madrid.<\/p>\n\n\n\n<h2 class=\"wp-block-heading\">Information sur les autres liens contenus dans le domaine Web et responsabilit\u00e9 du contenu<\/h2>\n\n\n\n<p>IRSJG n\u2019est pas responsable des sites Web qui ne lui appartiennent pas et auxquels il est possible d\u2019acc\u00e9der via son site Web via des liens ou de tout contenu mis \u00e0 disposition par des tiers.<\/p>\n\n\n\n<p>Toute utilisation d\u2019un lien ou acc\u00e8s \u00e0 un site Web qui n\u2019est pas le sien se fait aux risques et p\u00e9rils de l\u2019utilisateur, et IRSJG ne recommande ni ne garantit aucune information obtenue via un lien en dehors du site Web IRSJG et n\u2019est pas responsable de toute perte, r\u00e9clamation ou dommage r\u00e9sultant de l\u2019utilisation ou de la mauvaise utilisation d\u2019un lien, ou des informations obtenues via celui-ci, y compris d\u2019autres liens ou sites Web, de l\u2019interruption du service ou de l\u2019acc\u00e8s, ou de la tentative d\u2019utilisation ou de mauvaise utilisation d\u2019un lien, \u00e0 la fois lors de la connexion au site Web de l'IRSJG et lors de l\u2019acc\u00e8s aux informations d\u2019autres sites Web \u00e0 partir du site Web d'IRSJG<\/p>\n\n\n\n<p>IRSJG n\u2019assumera aucune responsabilit\u00e9 pour les contenus, services, produits, etc., de tiers accessibles directement ou via des banni\u00e8res, des liens, des hyperliens, des cadrages ou des liens similaires \u00e0 partir du site Web IRSJG, depuis son inclusion est interdite sans l\u2019accord pr\u00e9alable, expr\u00e8s et \u00e9crit d'IRSJG&nbsp;<em>banners<\/em>, enlaces,&nbsp;<em>links<\/em>,&nbsp;<em>hyperlinks<\/em>,&nbsp;<em>framing<\/em>&nbsp;ou des liens similaires \u00e0 partir du site Web de IRSJG, depuis son inclusion est interdite sans l\u2019accord pr\u00e9alable, expr\u00e8s et \u00e9crit de IRSJG.<\/p>\n\n\n\n<p>IRSJG se r\u00e9serve le droit d\u2019apporter des modifications au site Web, sans pr\u00e9avis, tant qu\u2019elles n\u2019affectent pas les donn\u00e9es personnelles des utilisateurs, afin de maintenir leurs informations \u00e0 jour, en ajoutant, modifiant, corrigeant ou supprimant le contenu publi\u00e9 ou le motif.<\/p>\n\n\n\n<h2 class=\"wp-block-heading\">Propriet\u00e9 intellectuelle et industrielle<\/h2>\n\n\n\n<p>Les contenus fournis par IRSJG, ainsi que les contenus propos\u00e9s sur le r\u00e9seau \u00e0 travers ses pages Web, constituent une \u0153uvre au sens de la l\u00e9gislation sur la propri\u00e9t\u00e9 intellectuelle, pour laquelle ils sont prot\u00e9g\u00e9s par les lois et conventions internationales applicables en la mati\u00e8re.<\/p>\n\n\n\n<p>Toute forme de reproduction, distribution, communication publique, transformation, mise \u00e0 disposition et, en g\u00e9n\u00e9ral, tout autre acte d\u2019exploitation publique fait r\u00e9f\u00e9rence \u00e0 la fois aux pages Web et \u00e0 leurs contenus et informations, sans l\u2019autorisation \u00e9crite expresse et pr\u00e9alable de IRSJG<\/p>\n\n\n\n<p>Les actes de reproduction, de distribution, d\u2019exposition, de transmission, de retransmission, de diffusion sous quelque forme que ce soit, de stockage sur des supports physiques ou logiques (par exemple : cl\u00e9s USB, disques durs, stockage cloud, etc.), de num\u00e9risation ou de mise \u00e0 disposition \u00e0 partir de bases de donn\u00e9es autres que celles appartenant \u00e0 celles autoris\u00e9es par IRSJG, ainsi que leur traduction, adaptation, arrangement ou toute autre transformation desdites opinions, images, formulaires, index et autres expressions formelles qui sont mis \u00e0 la disposition des UTILISATEURS \u00e0 travers les services ou contenus, tant que ces actes sont soumis \u00e0 la l\u00e9gislation applicable en mati\u00e8re de propri\u00e9t\u00e9 intellectuelle, industrielle ou de protection de l\u2019image.<\/p>\n\n\n\n<p>En cons\u00e9quence, tous les contenus qui apparaissent sur les diff\u00e9rents sites Internet mentionn\u00e9s et notamment, les dessins, textes, graphismes, logos, ic\u00f4nes, boutons, logiciels, noms commerciaux, marques, dessins industriels ou tout autre signe pouvant \u00eatre utilis\u00e9 industriellement et commercialement sont soumis aux droits de propri\u00e9t\u00e9 intellectuelle et industrielle de IRSJG ou de tiers propri\u00e9taires de ceux-ci qui ont d\u00fbment autoris\u00e9 leur inclusion dans les diff\u00e9rents sites Web.&nbsp;<em>sites Web<\/em>.<\/p>\n\n\n\n<p>Les contenus, images, formulaires, opinions, index et autres expressions formelles qui font partie des pages Web, ainsi que les&nbsp;<em>software<\/em>&nbsp;logiciels n\u00e9cessaires \u00e0 leur fonctionnement et \u00e0 leur visualisation, constituent \u00e9galement une \u0153uvre au sens du droit d\u2019auteur et sont donc prot\u00e9g\u00e9s par conventions internationales et lois nationales applicables en mati\u00e8re de propri\u00e9t\u00e9 intellectuelle. Le non-respect de ce qui pr\u00e9c\u00e8de implique la commission d\u2019actes illicites graves et leur sanction par la l\u00e9gislation civile et p\u00e9nale.<\/p>\n\n\n\n<p>Il est interdit tout acte en vertu duquel les utilisateurs des services ou des contenus pourraient exploiter ou utiliser commercialement, directement ou indirectement, en tout ou en partie, l\u2019un quelconque des contenus, images, formulaires, index et autres expressions formelles faisant partie du site Web. pages sans autorisation \u00e9crite pr\u00e9alable de IRSJG.<\/p>\n\n\n\n<p>Toute violation des dispositions de ce point et\/ou du pr\u00e9c\u00e9dent sera consid\u00e9r\u00e9e comme une violation des droits de propri\u00e9t\u00e9 intellectuelle l\u00e9gitimes de IRSJG sur les pages Web et tous leurs contenus.<\/p>\n\n\n\n<h2 class=\"wp-block-heading\">L\u00e9gislation applicable<\/h2>\n\n\n\n<p>La l\u00e9gislation applicable \u00e0 ce domaine web de IRSJG sera la loi espagnole.<\/p>\n\n\n\n<h2 class=\"wp-block-heading\">Juridiction comp\u00e9tente<\/h2>\n\n\n\n<p>Tout litige ou divergence d\u00e9coulant de l\u2019application ou de l\u2019interpr\u00e9tation des termes qui composent le pr\u00e9sent avis juridique sera r\u00e9solu par les tribunaux de la ville de Madrid, en Espagne, qui auront comp\u00e9tence exclusive sur toute autre juridiction.<\/p>\n\n\n\n<h2 class=\"wp-block-heading\">Informations de contact<\/h2>\n\n\n\n<p>&#8211; <strong>Personne de contact :<\/strong>D\u00e9l\u00e9gu\u00e9 \u00e0 la protection des donn\u00e9es.<\/p>\n\n\n\n<p>&#8211; <strong>Adresse pratique \u00e0 des fins de notification<\/strong>Avda. de la Moncloa 7, 28003, Madrid.<\/p>\n\n\n\n<p>&#8211; <strong>T\u00e9l\u00e9phone<\/strong>:&nbsp;<a href=\"tel:+34915335503\">915 335 503<\/a><\/p>\n\n\n\n<p>&#8211; <strong>Adresse \u00e9lectronique<\/strong>:&nbsp;<a href=\"mailto:proteccion.datos@irsjg.org\" target=\"_blank\" rel=\"noreferrer noopener\">proteccion.datos@irsjg.org<\/a><\/p>","protected":false},"excerpt":{"rendered":"<p>Titularidad de la Web En cumplimiento del deber de informaci\u00f3n recogido en el art\u00edculo 10 de la Ley 34\/2002, de 11 de julio, de Servicios de la Sociedad de la Informaci\u00f3n y del Comercio Electr\u00f3nico, indicamos los siguientes datos: La instituci\u00f3n titular del dominio web\u00a0https:\/\/www.pastoral-juvenil.irsjg.org\u00a0es\u00a0GOBIERNO GENERAL INSTITUTO DE RELIGIOSAS DE SAN JOS\u00c9 DE GERONA\u00a0(en adelante\u00a0IRSJG) [&hellip;]<\/p>\n","protected":false},"author":1,"featured_media":0,"parent":0,"menu_order":0,"comment_status":"closed","ping_status":"closed","template":"","meta":{"_acf_changed":false,"_et_pb_use_builder":"","_et_pb_old_content":"","_et_gb_content_width":"","footnotes":""},"class_list":["post-1000","page","type-page","status-publish","hentry"],"acf":[],"yoast_head":"<!-- This site is optimized with the Yoast SEO plugin v26.9 - https:\/\/yoast.com\/product\/yoast-seo-wordpress\/ -->\n<title>Aviso legal - Pastoral Juvenil IRSJG<\/title>\n<meta name=\"robots\" content=\"index, follow, max-snippet:-1, max-image-preview:large, max-video-preview:-1\" \/>\n<link rel=\"canonical\" href=\"https:\/\/pastoral-juvenil.irsjg.org\/fr\/aviso-legal\/\" \/>\n<meta property=\"og:locale\" content=\"fr_FR\" \/>\n<meta property=\"og:type\" content=\"article\" \/>\n<meta property=\"og:title\" content=\"Aviso legal - Pastoral Juvenil IRSJG\" \/>\n<meta property=\"og:description\" content=\"Titularidad de la Web En cumplimiento del deber de informaci\u00f3n recogido en el art\u00edculo 10 de la Ley 34\/2002, de 11 de julio, de Servicios de la Sociedad de la Informaci\u00f3n y del Comercio Electr\u00f3nico, indicamos los siguientes datos: La instituci\u00f3n titular del dominio web\u00a0https:\/\/www.pastoral-juvenil.irsjg.org\u00a0es\u00a0GOBIERNO GENERAL INSTITUTO DE RELIGIOSAS DE SAN JOS\u00c9 DE GERONA\u00a0(en adelante\u00a0IRSJG) [&hellip;]\" \/>\n<meta property=\"og:url\" content=\"https:\/\/pastoral-juvenil.irsjg.org\/fr\/aviso-legal\/\" \/>\n<meta property=\"og:site_name\" content=\"Pastoral Juvenil IRSJG\" \/>\n<meta property=\"article:publisher\" content=\"https:\/\/www.facebook.com\/p\/Pastoral-Vocacional-Religiosas-de-San-Jos-de-Gerona-100070498778044\/\" \/>\n<meta property=\"article:modified_time\" content=\"2025-03-25T11:06:53+00:00\" \/>\n<meta name=\"twitter:card\" content=\"summary_large_image\" \/>\n<meta name=\"twitter:label1\" content=\"Est. reading time\" \/>\n\t<meta name=\"twitter:data1\" content=\"4 minutes\" \/>\n<script type=\"application\/ld+json\" class=\"yoast-schema-graph\">{\"@context\":\"https:\/\/schema.org\",\"@graph\":[{\"@type\":\"WebPage\",\"@id\":\"https:\/\/pastoral-juvenil.irsjg.org\/aviso-legal\/\",\"url\":\"https:\/\/pastoral-juvenil.irsjg.org\/aviso-legal\/\",\"name\":\"Aviso legal - Pastoral Juvenil IRSJG\",\"isPartOf\":{\"@id\":\"https:\/\/pastoral-juvenil.irsjg.org\/#website\"},\"datePublished\":\"2025-03-10T14:12:09+00:00\",\"dateModified\":\"2025-03-25T11:06:53+00:00\",\"breadcrumb\":{\"@id\":\"https:\/\/pastoral-juvenil.irsjg.org\/aviso-legal\/#breadcrumb\"},\"inLanguage\":\"fr-FR\",\"potentialAction\":[{\"@type\":\"ReadAction\",\"target\":[\"https:\/\/pastoral-juvenil.irsjg.org\/aviso-legal\/\"]}]},{\"@type\":\"BreadcrumbList\",\"@id\":\"https:\/\/pastoral-juvenil.irsjg.org\/aviso-legal\/#breadcrumb\",\"itemListElement\":[{\"@type\":\"ListItem\",\"position\":1,\"name\":\"Home\",\"item\":\"https:\/\/pastoral-juvenil.irsjg.org\/\"},{\"@type\":\"ListItem\",\"position\":2,\"name\":\"Aviso legal\"}]},{\"@type\":\"WebSite\",\"@id\":\"https:\/\/pastoral-juvenil.irsjg.org\/#website\",\"url\":\"https:\/\/pastoral-juvenil.irsjg.org\/\",\"name\":\"Pastoral Juvenil IRSJG\",\"description\":\"\",\"publisher\":{\"@id\":\"https:\/\/pastoral-juvenil.irsjg.org\/#organization\"},\"potentialAction\":[{\"@type\":\"SearchAction\",\"target\":{\"@type\":\"EntryPoint\",\"urlTemplate\":\"https:\/\/pastoral-juvenil.irsjg.org\/?s={search_term_string}\"},\"query-input\":{\"@type\":\"PropertyValueSpecification\",\"valueRequired\":true,\"valueName\":\"search_term_string\"}}],\"inLanguage\":\"fr-FR\"},{\"@type\":\"Organization\",\"@id\":\"https:\/\/pastoral-juvenil.irsjg.org\/#organization\",\"name\":\"Pastoral Juvenil IRSJG\",\"url\":\"https:\/\/pastoral-juvenil.irsjg.org\/\",\"logo\":{\"@type\":\"ImageObject\",\"inLanguage\":\"fr-FR\",\"@id\":\"https:\/\/pastoral-juvenil.irsjg.org\/#\/schema\/logo\/image\/\",\"url\":\"https:\/\/pastoral-juvenil.irsjg.org\/wp-content\/uploads\/2025\/02\/Logo.png\",\"contentUrl\":\"https:\/\/pastoral-juvenil.irsjg.org\/wp-content\/uploads\/2025\/02\/Logo.png\",\"width\":212,\"height\":56,\"caption\":\"Pastoral Juvenil IRSJG\"},\"image\":{\"@id\":\"https:\/\/pastoral-juvenil.irsjg.org\/#\/schema\/logo\/image\/\"},\"sameAs\":[\"https:\/\/www.facebook.com\/p\/Pastoral-Vocacional-Religiosas-de-San-Jos-de-Gerona-100070498778044\/\"]}]}<\/script>\n<!-- \/ Yoast SEO plugin. -->","yoast_head_json":{"title":"Aviso legal - Pastoral Juvenil IRSJG","robots":{"index":"index","follow":"follow","max-snippet":"max-snippet:-1","max-image-preview":"max-image-preview:large","max-video-preview":"max-video-preview:-1"},"canonical":"https:\/\/pastoral-juvenil.irsjg.org\/fr\/aviso-legal\/","og_locale":"fr_FR","og_type":"article","og_title":"Aviso legal - Pastoral Juvenil IRSJG","og_description":"Titularidad de la Web En cumplimiento del deber de informaci\u00f3n recogido en el art\u00edculo 10 de la Ley 34\/2002, de 11 de julio, de Servicios de la Sociedad de la Informaci\u00f3n y del Comercio Electr\u00f3nico, indicamos los siguientes datos: La instituci\u00f3n titular del dominio web\u00a0https:\/\/www.pastoral-juvenil.irsjg.org\u00a0es\u00a0GOBIERNO GENERAL INSTITUTO DE RELIGIOSAS DE SAN JOS\u00c9 DE GERONA\u00a0(en adelante\u00a0IRSJG) [&hellip;]","og_url":"https:\/\/pastoral-juvenil.irsjg.org\/fr\/aviso-legal\/","og_site_name":"Pastoral Juvenil IRSJG","article_publisher":"https:\/\/www.facebook.com\/p\/Pastoral-Vocacional-Religiosas-de-San-Jos-de-Gerona-100070498778044\/","article_modified_time":"2025-03-25T11:06:53+00:00","twitter_card":"summary_large_image","twitter_misc":{"Est. reading time":"4 minutes"},"schema":{"@context":"https:\/\/schema.org","@graph":[{"@type":"WebPage","@id":"https:\/\/pastoral-juvenil.irsjg.org\/aviso-legal\/","url":"https:\/\/pastoral-juvenil.irsjg.org\/aviso-legal\/","name":"Aviso legal - Pastoral Juvenil IRSJG","isPartOf":{"@id":"https:\/\/pastoral-juvenil.irsjg.org\/#website"},"datePublished":"2025-03-10T14:12:09+00:00","dateModified":"2025-03-25T11:06:53+00:00","breadcrumb":{"@id":"https:\/\/pastoral-juvenil.irsjg.org\/aviso-legal\/#breadcrumb"},"inLanguage":"fr-FR","potentialAction":[{"@type":"ReadAction","target":["https:\/\/pastoral-juvenil.irsjg.org\/aviso-legal\/"]}]},{"@type":"BreadcrumbList","@id":"https:\/\/pastoral-juvenil.irsjg.org\/aviso-legal\/#breadcrumb","itemListElement":[{"@type":"ListItem","position":1,"name":"Home","item":"https:\/\/pastoral-juvenil.irsjg.org\/"},{"@type":"ListItem","position":2,"name":"Aviso legal"}]},{"@type":"WebSite","@id":"https:\/\/pastoral-juvenil.irsjg.org\/#website","url":"https:\/\/pastoral-juvenil.irsjg.org\/","name":"Pastorale des Jeunes IRSJG","description":"","publisher":{"@id":"https:\/\/pastoral-juvenil.irsjg.org\/#organization"},"potentialAction":[{"@type":"SearchAction","target":{"@type":"EntryPoint","urlTemplate":"https:\/\/pastoral-juvenil.irsjg.org\/?s={search_term_string}"},"query-input":{"@type":"PropertyValueSpecification","valueRequired":true,"valueName":"search_term_string"}}],"inLanguage":"fr-FR"},{"@type":"Organization","@id":"https:\/\/pastoral-juvenil.irsjg.org\/#organization","name":"Pastorale des Jeunes IRSJG","url":"https:\/\/pastoral-juvenil.irsjg.org\/","logo":{"@type":"ImageObject","inLanguage":"fr-FR","@id":"https:\/\/pastoral-juvenil.irsjg.org\/#\/schema\/logo\/image\/","url":"https:\/\/pastoral-juvenil.irsjg.org\/wp-content\/uploads\/2025\/02\/Logo.png","contentUrl":"https:\/\/pastoral-juvenil.irsjg.org\/wp-content\/uploads\/2025\/02\/Logo.png","width":212,"height":56,"caption":"Pastoral Juvenil IRSJG"},"image":{"@id":"https:\/\/pastoral-juvenil.irsjg.org\/#\/schema\/logo\/image\/"},"sameAs":["https:\/\/www.facebook.com\/p\/Pastoral-Vocacional-Religiosas-de-San-Jos-de-Gerona-100070498778044\/"]}]}},"_links":{"self":[{"href":"https:\/\/pastoral-juvenil.irsjg.org\/fr\/wp-json\/wp\/v2\/pages\/1000","targetHints":{"allow":["GET"]}}],"collection":[{"href":"https:\/\/pastoral-juvenil.irsjg.org\/fr\/wp-json\/wp\/v2\/pages"}],"about":[{"href":"https:\/\/pastoral-juvenil.irsjg.org\/fr\/wp-json\/wp\/v2\/types\/page"}],"author":[{"embeddable":true,"href":"https:\/\/pastoral-juvenil.irsjg.org\/fr\/wp-json\/wp\/v2\/users\/1"}],"replies":[{"embeddable":true,"href":"https:\/\/pastoral-juvenil.irsjg.org\/fr\/wp-json\/wp\/v2\/comments?post=1000"}],"version-history":[{"count":6,"href":"https:\/\/pastoral-juvenil.irsjg.org\/fr\/wp-json\/wp\/v2\/pages\/1000\/revisions"}],"predecessor-version":[{"id":1456,"href":"https:\/\/pastoral-juvenil.irsjg.org\/fr\/wp-json\/wp\/v2\/pages\/1000\/revisions\/1456"}],"wp:attachment":[{"href":"https:\/\/pastoral-juvenil.irsjg.org\/fr\/wp-json\/wp\/v2\/media?parent=1000"}],"curies":[{"name":"wp","href":"https:\/\/api.w.org\/{rel}","templated":true}]}}